{"id":1413,"date":"2025-03-28T14:41:26","date_gmt":"2025-03-28T13:41:26","guid":{"rendered":"https:\/\/txl.clubkultur.berlin\/imprint\/"},"modified":"2025-03-28T14:41:26","modified_gmt":"2025-03-28T13:41:26","slug":"imprint","status":"publish","type":"page","link":"https:\/\/txl.clubkultur.berlin\/en\/imprint\/","title":{"rendered":"Imprint"},"content":{"rendered":"\n<p>Responsible for the content:<br\/><br\/>Clubcommission<br\/>Netzwerk der Berliner Clubkultur e.V.<br\/><br\/>Br\u00fcckenstra\u00dfe 1 in 10179 Berlin<br\/>Tel: 030\/ 27 57 66 99<br\/>Mail:\u00a0<a href=\"mailto:info@clubcommission.de\">info@clubcommission.de<\/a><br\/>Executive Board: Marcel Weber, Daniel Plasch, Philipp Schindler, Emiko Gejic<br\/><br\/>Tax: 27\/620\/56100, Finanzamt Berlin-Mitte<br\/>Ust. ID. Nr. \/ VAT: DE235140442<br\/>Vereinsregister AG Charlottenburg VR 21186 B<\/p>\n","protected":false},"excerpt":{"rendered":"<p><a href=\"https:\/\/txl.clubkultur.berlin\/en\/imprint\/\"><span>Responsible for the content: ClubcommissionNetzwerk der Berliner Clubkultur e.V. Br\u00fcckenstra\u00dfe 1 in 10179 BerlinTel: 030\/ 27 57 66 99Mail:\u00a0info@clubcommission.deExecutive Board: Marcel Weber, Daniel Plasch, Philipp Schindler, Emiko Gejic Tax: 27\/620\/56100, Finanzamt Berlin-MitteUst. ID. Nr. \/ VAT: DE235140442Vereinsregister AG Charlottenburg VR 21186 B<\/span><\/a><\/p>\n","protected":false},"author":1,"featured_media":0,"parent":0,"menu_order":0,"comment_status":"closed","ping_status":"closed","template":"","meta":{"inline_featured_image":false,"footnotes":""},"class_list":["post-1413","page","type-page","status-publish","hentry"],"yoast_head":"<!-- This site is optimized with the Yoast SEO plugin v27.3 - https:\/\/yoast.com\/product\/yoast-seo-wordpress\/ -->\n<title>Imprint - Modellfl\u00e4che TXL<\/title>\n<meta name=\"robots\" content=\"index, follow, max-snippet:-1, max-image-preview:large, max-video-preview:-1\" \/>\n<link rel=\"canonical\" href=\"https:\/\/txl.clubkultur.berlin\/en\/imprint\/\" \/>\n<meta property=\"og:locale\" content=\"en_US\" \/>\n<meta property=\"og:type\" content=\"article\" \/>\n<meta property=\"og:title\" content=\"Imprint - Modellfl\u00e4che TXL\" \/>\n<meta property=\"og:description\" content=\"Responsible for the content: ClubcommissionNetzwerk der Berliner Clubkultur e.V. Br\u00fcckenstra\u00dfe 1 in 10179 BerlinTel: 030\/ 27 57 66 99Mail:\u00a0info@clubcommission.deExecutive Board: Marcel Weber, Daniel Plasch, Philipp Schindler, Emiko Gejic Tax: 27\/620\/56100, Finanzamt Berlin-MitteUst. ID. Nr. \/ VAT: DE235140442Vereinsregister AG Charlottenburg VR 21186 B\" \/>\n<meta property=\"og:url\" content=\"https:\/\/txl.clubkultur.berlin\/en\/imprint\/\" \/>\n<meta property=\"og:site_name\" content=\"Modellfl\u00e4che TXL\" \/>\n<meta name=\"twitter:card\" content=\"summary_large_image\" \/>\n<script type=\"application\/ld+json\" class=\"yoast-schema-graph\">{\"@context\":\"https:\\\/\\\/schema.org\",\"@graph\":[{\"@type\":\"WebPage\",\"@id\":\"https:\\\/\\\/txl.clubkultur.berlin\\\/en\\\/imprint\\\/\",\"url\":\"https:\\\/\\\/txl.clubkultur.berlin\\\/en\\\/imprint\\\/\",\"name\":\"Imprint - Modellfl\u00e4che TXL\",\"isPartOf\":{\"@id\":\"https:\\\/\\\/txl.clubkultur.berlin\\\/#website\"},\"datePublished\":\"2025-03-28T13:41:26+00:00\",\"breadcrumb\":{\"@id\":\"https:\\\/\\\/txl.clubkultur.berlin\\\/en\\\/imprint\\\/#breadcrumb\"},\"inLanguage\":\"en-US\",\"potentialAction\":[{\"@type\":\"ReadAction\",\"target\":[\"https:\\\/\\\/txl.clubkultur.berlin\\\/en\\\/imprint\\\/\"]}]},{\"@type\":\"BreadcrumbList\",\"@id\":\"https:\\\/\\\/txl.clubkultur.berlin\\\/en\\\/imprint\\\/#breadcrumb\",\"itemListElement\":[{\"@type\":\"ListItem\",\"position\":1,\"name\":\"Home\",\"item\":\"https:\\\/\\\/txl.clubkultur.berlin\\\/en\\\/\"},{\"@type\":\"ListItem\",\"position\":2,\"name\":\"Imprint\"}]},{\"@type\":\"WebSite\",\"@id\":\"https:\\\/\\\/txl.clubkultur.berlin\\\/#website\",\"url\":\"https:\\\/\\\/txl.clubkultur.berlin\\\/\",\"name\":\"Modellfl\u00e4che TXL\",\"description\":\"Interdisziplin\u00e4res clubkulturelles Zentrum\",\"publisher\":{\"@id\":\"https:\\\/\\\/txl.clubkultur.berlin\\\/#organization\"},\"potentialAction\":[{\"@type\":\"SearchAction\",\"target\":{\"@type\":\"EntryPoint\",\"urlTemplate\":\"https:\\\/\\\/txl.clubkultur.berlin\\\/?s={search_term_string}\"},\"query-input\":{\"@type\":\"PropertyValueSpecification\",\"valueRequired\":true,\"valueName\":\"search_term_string\"}}],\"inLanguage\":\"en-US\"},{\"@type\":\"Organization\",\"@id\":\"https:\\\/\\\/txl.clubkultur.berlin\\\/#organization\",\"name\":\"Modellfl\u00e4che TXL\",\"url\":\"https:\\\/\\\/txl.clubkultur.berlin\\\/\",\"logo\":{\"@type\":\"ImageObject\",\"inLanguage\":\"en-US\",\"@id\":\"https:\\\/\\\/txl.clubkultur.berlin\\\/#\\\/schema\\\/logo\\\/image\\\/\",\"url\":\"https:\\\/\\\/txl.clubkultur.berlin\\\/wp-content\\\/uploads\\\/sites\\\/18\\\/2022\\\/02\\\/clubcommission-icon.png\",\"contentUrl\":\"https:\\\/\\\/txl.clubkultur.berlin\\\/wp-content\\\/uploads\\\/sites\\\/18\\\/2022\\\/02\\\/clubcommission-icon.png\",\"width\":237,\"height\":237,\"caption\":\"Modellfl\u00e4che TXL\"},\"image\":{\"@id\":\"https:\\\/\\\/txl.clubkultur.berlin\\\/#\\\/schema\\\/logo\\\/image\\\/\"}}]}<\/script>\n<!-- \/ Yoast SEO plugin. -->","yoast_head_json":{"title":"Imprint - Modellfl\u00e4che TXL","robots":{"index":"index","follow":"follow","max-snippet":"max-snippet:-1","max-image-preview":"max-image-preview:large","max-video-preview":"max-video-preview:-1"},"canonical":"https:\/\/txl.clubkultur.berlin\/en\/imprint\/","og_locale":"en_US","og_type":"article","og_title":"Imprint - Modellfl\u00e4che TXL","og_description":"Responsible for the content: ClubcommissionNetzwerk der Berliner Clubkultur e.V. Br\u00fcckenstra\u00dfe 1 in 10179 BerlinTel: 030\/ 27 57 66 99Mail:\u00a0info@clubcommission.deExecutive Board: Marcel Weber, Daniel Plasch, Philipp Schindler, Emiko Gejic Tax: 27\/620\/56100, Finanzamt Berlin-MitteUst. ID. Nr. \/ VAT: DE235140442Vereinsregister AG Charlottenburg VR 21186 B","og_url":"https:\/\/txl.clubkultur.berlin\/en\/imprint\/","og_site_name":"Modellfl\u00e4che TXL","twitter_card":"summary_large_image","schema":{"@context":"https:\/\/schema.org","@graph":[{"@type":"WebPage","@id":"https:\/\/txl.clubkultur.berlin\/en\/imprint\/","url":"https:\/\/txl.clubkultur.berlin\/en\/imprint\/","name":"Imprint - Modellfl\u00e4che TXL","isPartOf":{"@id":"https:\/\/txl.clubkultur.berlin\/#website"},"datePublished":"2025-03-28T13:41:26+00:00","breadcrumb":{"@id":"https:\/\/txl.clubkultur.berlin\/en\/imprint\/#breadcrumb"},"inLanguage":"en-US","potentialAction":[{"@type":"ReadAction","target":["https:\/\/txl.clubkultur.berlin\/en\/imprint\/"]}]},{"@type":"BreadcrumbList","@id":"https:\/\/txl.clubkultur.berlin\/en\/imprint\/#breadcrumb","itemListElement":[{"@type":"ListItem","position":1,"name":"Home","item":"https:\/\/txl.clubkultur.berlin\/en\/"},{"@type":"ListItem","position":2,"name":"Imprint"}]},{"@type":"WebSite","@id":"https:\/\/txl.clubkultur.berlin\/#website","url":"https:\/\/txl.clubkultur.berlin\/","name":"Modellfl\u00e4che TXL","description":"Interdisziplin\u00e4res clubkulturelles Zentrum","publisher":{"@id":"https:\/\/txl.clubkultur.berlin\/#organization"},"potentialAction":[{"@type":"SearchAction","target":{"@type":"EntryPoint","urlTemplate":"https:\/\/txl.clubkultur.berlin\/?s={search_term_string}"},"query-input":{"@type":"PropertyValueSpecification","valueRequired":true,"valueName":"search_term_string"}}],"inLanguage":"en-US"},{"@type":"Organization","@id":"https:\/\/txl.clubkultur.berlin\/#organization","name":"Modellfl\u00e4che TXL","url":"https:\/\/txl.clubkultur.berlin\/","logo":{"@type":"ImageObject","inLanguage":"en-US","@id":"https:\/\/txl.clubkultur.berlin\/#\/schema\/logo\/image\/","url":"https:\/\/txl.clubkultur.berlin\/wp-content\/uploads\/sites\/18\/2022\/02\/clubcommission-icon.png","contentUrl":"https:\/\/txl.clubkultur.berlin\/wp-content\/uploads\/sites\/18\/2022\/02\/clubcommission-icon.png","width":237,"height":237,"caption":"Modellfl\u00e4che TXL"},"image":{"@id":"https:\/\/txl.clubkultur.berlin\/#\/schema\/logo\/image\/"}}]}},"_links":{"self":[{"href":"https:\/\/txl.clubkultur.berlin\/en\/wp-json\/wp\/v2\/pages\/1413","targetHints":{"allow":["GET"]}}],"collection":[{"href":"https:\/\/txl.clubkultur.berlin\/en\/wp-json\/wp\/v2\/pages"}],"about":[{"href":"https:\/\/txl.clubkultur.berlin\/en\/wp-json\/wp\/v2\/types\/page"}],"author":[{"embeddable":true,"href":"https:\/\/txl.clubkultur.berlin\/en\/wp-json\/wp\/v2\/users\/1"}],"replies":[{"embeddable":true,"href":"https:\/\/txl.clubkultur.berlin\/en\/wp-json\/wp\/v2\/comments?post=1413"}],"version-history":[{"count":1,"href":"https:\/\/txl.clubkultur.berlin\/en\/wp-json\/wp\/v2\/pages\/1413\/revisions"}],"predecessor-version":[{"id":1414,"href":"https:\/\/txl.clubkultur.berlin\/en\/wp-json\/wp\/v2\/pages\/1413\/revisions\/1414"}],"wp:attachment":[{"href":"https:\/\/txl.clubkultur.berlin\/en\/wp-json\/wp\/v2\/media?parent=1413"}],"curies":[{"name":"wp","href":"https:\/\/api.w.org\/{rel}","templated":true}]}}